{"id":147,"date":"2019-12-06T12:51:57","date_gmt":"2019-12-06T18:51:57","guid":{"rendered":"http:\/\/productoschaparral.com\/?page_id=147"},"modified":"2025-05-29T14:51:10","modified_gmt":"2025-05-29T20:51:10","slug":"quienes-somos","status":"publish","type":"page","link":"https:\/\/productoschaparral.com\/index.php\/quienes-somos\/","title":{"rendered":"Quienes Somos"},"content":{"rendered":"\t\t<div data-elementor-type=\"wp-page\" data-elementor-id=\"147\" class=\"elementor elementor-147\" data-elementor-post-type=\"page\">\n\t\t\t\t\t\t<section data-dce-background-hover-color=\"rgba(183,183,183,0.27)\" class=\"elementor-section elementor-top-section elementor-element elementor-element-4af9f5d elementor-section-stretched elementor-section-boxed elementor-section-height-default elementor-section-height-default\" data-id=\"4af9f5d\" data-element_type=\"section\" data-settings=\"{&quot;stretch_section&quot;:&quot;section-stretched&quot;,&quot;background_background&quot;:&quot;slideshow&quot;,&quot;background_slideshow_gallery&quot;:[{&quot;id&quot;:326,&quot;url&quot;:&quot;https:\\\/\\\/productoschaparral.com\\\/wp-content\\\/uploads\\\/2019\\\/12\\\/Logos-TIF-Y-GLOBALTD-05.png&quot;},{&quot;id&quot;:39,&quot;url&quot;:&quot;https:\\\/\\\/productoschaparral.com\\\/wp-content\\\/uploads\\\/2019\\\/12\\\/Platilllos-68-scaled.jpg&quot;},{&quot;id&quot;:30,&quot;url&quot;:&quot;https:\\\/\\\/productoschaparral.com\\\/wp-content\\\/uploads\\\/2019\\\/12\\\/Platilllos-2-scaled.jpg&quot;},{&quot;id&quot;:40,&quot;url&quot;:&quot;https:\\\/\\\/productoschaparral.com\\\/wp-content\\\/uploads\\\/2019\\\/12\\\/Platilllos-69-scaled.jpg&quot;},{&quot;id&quot;:33,&quot;url&quot;:&quot;https:\\\/\\\/productoschaparral.com\\\/wp-content\\\/uploads\\\/2019\\\/12\\\/Platilllos-27-scaled.jpg&quot;}],&quot;background_slideshow_ken_burns&quot;:&quot;yes&quot;,&quot;shape_divider_bottom&quot;:&quot;mountains&quot;,&quot;background_slideshow_loop&quot;:&quot;yes&quot;,&quot;background_slideshow_slide_duration&quot;:5000,&quot;background_slideshow_slide_transition&quot;:&quot;fade&quot;,&quot;background_slideshow_transition_duration&quot;:500,&quot;background_slideshow_ken_burns_zoom_direction&quot;:&quot;in&quot;}\">\n\t\t\t\t\t<div class=\"elementor-shape elementor-shape-bottom\" aria-hidden=\"true\" data-negative=\"false\">\n\t\t\t<svg xmlns=\"http:\/\/www.w3.org\/2000\/svg\" viewBox=\"0 0 1000 100\" preserveAspectRatio=\"none\">\n\t<path class=\"elementor-shape-fill\" opacity=\"0.33\" d=\"M473,67.3c-203.9,88.3-263.1-34-320.3,0C66,119.1,0,59.7,0,59.7V0h1000v59.7 c0,0-62.1,26.1-94.9,29.3c-32.8,3.3-62.8-12.3-75.8-22.1C806,49.6,745.3,8.7,694.9,4.7S492.4,59,473,67.3z\"\/>\n\t<path class=\"elementor-shape-fill\" opacity=\"0.66\" d=\"M734,67.3c-45.5,0-77.2-23.2-129.1-39.1c-28.6-8.7-150.3-10.1-254,39.1 s-91.7-34.4-149.2,0C115.7,118.3,0,39.8,0,39.8V0h1000v36.5c0,0-28.2-18.5-92.1-18.5C810.2,18.1,775.7,67.3,734,67.3z\"\/>\n\t<path class=\"elementor-shape-fill\" d=\"M766.1,28.9c-200-57.5-266,65.5-395.1,19.5C242,1.8,242,5.4,184.8,20.6C128,35.8,132.3,44.9,89.9,52.5C28.6,63.7,0,0,0,0 h1000c0,0-9.9,40.9-83.6,48.1S829.6,47,766.1,28.9z\"\/>\n<\/svg>\t\t<\/div>\n\t\t\t\t\t<div class=\"elementor-container elementor-column-gap-default\">\n\t\t\t\t\t<div class=\"elementor-column elementor-col-100 elementor-top-column elementor-element elementor-element-e08d395\" data-id=\"e08d395\" data-element_type=\"column\">\n\t\t\t<div class=\"elementor-widget-wrap elementor-element-populated\">\n\t\t\t\t\t\t<div class=\"elementor-element elementor-element-d6e796f elementor-widget elementor-widget-spacer\" data-id=\"d6e796f\" data-element_type=\"widget\" data-widget_type=\"spacer.default\">\n\t\t\t\t<div class=\"elementor-widget-container\">\n\t\t\t\t\t\t\t<div class=\"elementor-spacer\">\n\t\t\t<div class=\"elementor-spacer-inner\"><\/div>\n\t\t<\/div>\n\t\t\t\t\t\t<\/div>\n\t\t\t\t<\/div>\n\t\t\t\t\t<\/div>\n\t\t<\/div>\n\t\t\t\t\t<\/div>\n\t\t<\/section>\n\t\t\t\t<section class=\"elementor-section elementor-top-section elementor-element elementor-element-11f41377 elementor-section-boxed elementor-section-height-default elementor-section-height-default\" data-id=\"11f41377\" data-element_type=\"section\">\n\t\t\t\t\t\t<div class=\"elementor-container elementor-column-gap-default\">\n\t\t\t\t\t<div class=\"elementor-column elementor-col-50 elementor-top-column elementor-element elementor-element-2b4c9d41\" data-id=\"2b4c9d41\" data-element_type=\"column\">\n\t\t\t<div class=\"elementor-widget-wrap elementor-element-populated\">\n\t\t\t\t\t\t<div class=\"elementor-element elementor-element-5943bc42 elementor-widget elementor-widget-heading\" data-id=\"5943bc42\" data-element_type=\"widget\" data-widget_type=\"heading.default\">\n\t\t\t\t<div class=\"elementor-widget-container\">\n\t\t\t\t\t<h1 class=\"elementor-heading-title elementor-size-default\">Quienes Somos<\/h1>\t\t\t\t<\/div>\n\t\t\t\t<\/div>\n\t\t\t\t<section class=\"elementor-section elementor-inner-section elementor-element elementor-element-64efd248 elementor-section-boxed elementor-section-height-default elementor-section-height-default\" data-id=\"64efd248\" data-element_type=\"section\">\n\t\t\t\t\t\t<div class=\"elementor-container elementor-column-gap-default\">\n\t\t\t\t\t<div class=\"elementor-column elementor-col-100 elementor-inner-column elementor-element elementor-element-374905f1\" data-id=\"374905f1\" data-element_type=\"column\">\n\t\t\t<div class=\"elementor-widget-wrap elementor-element-populated\">\n\t\t\t\t\t\t<div class=\"elementor-element elementor-element-637c94bb elementor-widget elementor-widget-text-editor\" data-id=\"637c94bb\" data-element_type=\"widget\" data-widget_type=\"text-editor.default\">\n\t\t\t\t<div class=\"elementor-widget-container\">\n\t\t\t\t\t\t\t\t\t<p>Somos una empresa mexicana productora y procesadora de carne de cerdo en donde elaboramos productos de alta calidad con precio competitivo, manteniendo estrictos controles y procesos certificados mundialmente reconocidos: HACCP | FSSC 22000 | TIF<\/p>\t\t\t\t\t\t\t\t<\/div>\n\t\t\t\t<\/div>\n\t\t\t\t\t<\/div>\n\t\t<\/div>\n\t\t\t\t\t<\/div>\n\t\t<\/section>\n\t\t\t\t\t<\/div>\n\t\t<\/div>\n\t\t\t\t<div class=\"elementor-column elementor-col-50 elementor-top-column elementor-element elementor-element-277fd51a\" data-id=\"277fd51a\" data-element_type=\"column\">\n\t\t\t<div class=\"elementor-widget-wrap elementor-element-populated\">\n\t\t\t\t\t\t<div class=\"elementor-element elementor-element-6431542 dce_masking-none elementor-widget elementor-widget-image\" data-id=\"6431542\" data-element_type=\"widget\" data-widget_type=\"image.default\">\n\t\t\t\t<div class=\"elementor-widget-container\">\n\t\t\t\t\t\t\t\t\t\t\t\t\t\t\t<img fetchpriority=\"high\" decoding=\"async\" width=\"800\" height=\"534\" src=\"https:\/\/productoschaparral.com\/wp-content\/uploads\/2022\/11\/istockphoto-537467748-2048x2048-transformed-1024x683.jpeg\" class=\"attachment-large size-large wp-image-831\" alt=\"\" srcset=\"https:\/\/productoschaparral.com\/wp-content\/uploads\/2022\/11\/istockphoto-537467748-2048x2048-transformed-1024x683.jpeg 1024w, https:\/\/productoschaparral.com\/wp-content\/uploads\/2022\/11\/istockphoto-537467748-2048x2048-transformed-600x400.jpeg 600w, https:\/\/productoschaparral.com\/wp-content\/uploads\/2022\/11\/istockphoto-537467748-2048x2048-transformed-300x200.jpeg 300w, https:\/\/productoschaparral.com\/wp-content\/uploads\/2022\/11\/istockphoto-537467748-2048x2048-transformed-768x512.jpeg 768w, https:\/\/productoschaparral.com\/wp-content\/uploads\/2022\/11\/istockphoto-537467748-2048x2048-transformed-1536x1024.jpeg 1536w, https:\/\/productoschaparral.com\/wp-content\/uploads\/2022\/11\/istockphoto-537467748-2048x2048-transformed.jpeg 2048w\" sizes=\"(max-width: 800px) 100vw, 800px\" \/>\t\t\t\t\t\t\t\t\t\t\t\t\t\t\t<\/div>\n\t\t\t\t<\/div>\n\t\t\t\t\t<\/div>\n\t\t<\/div>\n\t\t\t\t\t<\/div>\n\t\t<\/section>\n\t\t\t\t<section class=\"elementor-section elementor-top-section elementor-element elementor-element-0034657 elementor-hidden-phone elementor-section-boxed elementor-section-height-default elementor-section-height-default\" data-id=\"0034657\" data-element_type=\"section\">\n\t\t\t\t\t\t<div class=\"elementor-container elementor-column-gap-default\">\n\t\t\t\t\t<div class=\"elementor-column elementor-col-33 elementor-top-column elementor-element elementor-element-bb13fcb\" data-id=\"bb13fcb\" data-element_type=\"column\">\n\t\t\t<div class=\"elementor-widget-wrap\">\n\t\t\t\t\t\t\t<\/div>\n\t\t<\/div>\n\t\t\t\t<div class=\"elementor-column elementor-col-33 elementor-top-column elementor-element elementor-element-710a1d9\" data-id=\"710a1d9\" data-element_type=\"column\">\n\t\t\t<div class=\"elementor-widget-wrap elementor-element-populated\">\n\t\t\t\t\t\t<section class=\"elementor-section elementor-inner-section elementor-element elementor-element-7a60534 elementor-section-boxed elementor-section-height-default elementor-section-height-default elementor-invisible\" data-id=\"7a60534\" data-element_type=\"section\" data-settings=\"{&quot;animation&quot;:&quot;fadeInLeft&quot;}\">\n\t\t\t\t\t\t<div class=\"elementor-container elementor-column-gap-default\">\n\t\t\t\t\t<div class=\"elementor-column elementor-col-25 elementor-inner-column elementor-element elementor-element-92413bf\" data-id=\"92413bf\" data-element_type=\"column\">\n\t\t\t<div class=\"elementor-widget-wrap elementor-element-populated\">\n\t\t\t\t\t\t<div class=\"elementor-element elementor-element-23d80b9 dce_masking-none elementor-widget elementor-widget-image\" data-id=\"23d80b9\" data-element_type=\"widget\" data-widget_type=\"image.default\">\n\t\t\t\t<div class=\"elementor-widget-container\">\n\t\t\t\t\t\t\t\t\t\t\t\t\t\t\t<img decoding=\"async\" width=\"659\" height=\"618\" src=\"https:\/\/productoschaparral.com\/wp-content\/uploads\/2019\/12\/Logos-TIF-Y-GLOBALTD-03-2.png\" class=\"elementor-animation-rotate attachment-large size-large wp-image-328\" alt=\"\" srcset=\"https:\/\/productoschaparral.com\/wp-content\/uploads\/2019\/12\/Logos-TIF-Y-GLOBALTD-03-2.png 659w, https:\/\/productoschaparral.com\/wp-content\/uploads\/2019\/12\/Logos-TIF-Y-GLOBALTD-03-2-600x563.png 600w, https:\/\/productoschaparral.com\/wp-content\/uploads\/2019\/12\/Logos-TIF-Y-GLOBALTD-03-2-300x281.png 300w\" sizes=\"(max-width: 659px) 100vw, 659px\" \/>\t\t\t\t\t\t\t\t\t\t\t\t\t\t\t<\/div>\n\t\t\t\t<\/div>\n\t\t\t\t\t<\/div>\n\t\t<\/div>\n\t\t\t\t<div class=\"elementor-column elementor-col-25 elementor-inner-column elementor-element elementor-element-79a56c0\" data-id=\"79a56c0\" data-element_type=\"column\">\n\t\t\t<div class=\"elementor-widget-wrap elementor-element-populated\">\n\t\t\t\t\t\t<div class=\"elementor-element elementor-element-8c926ea dce_masking-none elementor-widget elementor-widget-image\" data-id=\"8c926ea\" data-element_type=\"widget\" data-widget_type=\"image.default\">\n\t\t\t\t<div class=\"elementor-widget-container\">\n\t\t\t\t\t\t\t\t\t\t\t\t\t\t\t<img decoding=\"async\" width=\"596\" height=\"596\" src=\"https:\/\/productoschaparral.com\/wp-content\/uploads\/2020\/01\/Logos-TIF-Y-GLOBALTD-05-05-05.png\" class=\"elementor-animation-rotate attachment-large size-large wp-image-499\" alt=\"\" srcset=\"https:\/\/productoschaparral.com\/wp-content\/uploads\/2020\/01\/Logos-TIF-Y-GLOBALTD-05-05-05.png 596w, https:\/\/productoschaparral.com\/wp-content\/uploads\/2020\/01\/Logos-TIF-Y-GLOBALTD-05-05-05-300x300.png 300w, https:\/\/productoschaparral.com\/wp-content\/uploads\/2020\/01\/Logos-TIF-Y-GLOBALTD-05-05-05-100x100.png 100w, https:\/\/productoschaparral.com\/wp-content\/uploads\/2020\/01\/Logos-TIF-Y-GLOBALTD-05-05-05-150x150.png 150w\" sizes=\"(max-width: 596px) 100vw, 596px\" \/>\t\t\t\t\t\t\t\t\t\t\t\t\t\t\t<\/div>\n\t\t\t\t<\/div>\n\t\t\t\t\t<\/div>\n\t\t<\/div>\n\t\t\t\t<div class=\"elementor-column elementor-col-25 elementor-inner-column elementor-element elementor-element-2381232\" data-id=\"2381232\" data-element_type=\"column\">\n\t\t\t<div class=\"elementor-widget-wrap elementor-element-populated\">\n\t\t\t\t\t\t<div class=\"elementor-element elementor-element-c686358 dce_masking-none elementor-widget elementor-widget-image\" data-id=\"c686358\" data-element_type=\"widget\" data-widget_type=\"image.default\">\n\t\t\t\t<div class=\"elementor-widget-container\">\n\t\t\t\t\t\t\t\t\t\t\t\t\t\t\t<img loading=\"lazy\" decoding=\"async\" width=\"800\" height=\"800\" src=\"https:\/\/productoschaparral.com\/wp-content\/uploads\/2025\/05\/Recurso-1.png\" class=\"elementor-animation-rotate attachment-large size-large wp-image-1749\" alt=\"\" srcset=\"https:\/\/productoschaparral.com\/wp-content\/uploads\/2025\/05\/Recurso-1.png 986w, https:\/\/productoschaparral.com\/wp-content\/uploads\/2025\/05\/Recurso-1-300x300.png 300w, https:\/\/productoschaparral.com\/wp-content\/uploads\/2025\/05\/Recurso-1-150x150.png 150w, https:\/\/productoschaparral.com\/wp-content\/uploads\/2025\/05\/Recurso-1-768x768.png 768w, https:\/\/productoschaparral.com\/wp-content\/uploads\/2025\/05\/Recurso-1-600x600.png 600w, https:\/\/productoschaparral.com\/wp-content\/uploads\/2025\/05\/Recurso-1-100x100.png 100w\" sizes=\"(max-width: 800px) 100vw, 800px\" \/>\t\t\t\t\t\t\t\t\t\t\t\t\t\t\t<\/div>\n\t\t\t\t<\/div>\n\t\t\t\t\t<\/div>\n\t\t<\/div>\n\t\t\t\t<div class=\"elementor-column elementor-col-25 elementor-inner-column elementor-element elementor-element-8a80f2d\" data-id=\"8a80f2d\" data-element_type=\"column\">\n\t\t\t<div class=\"elementor-widget-wrap elementor-element-populated\">\n\t\t\t\t\t\t<div class=\"elementor-element elementor-element-5b39e82 dce_masking-none elementor-widget elementor-widget-image\" data-id=\"5b39e82\" data-element_type=\"widget\" data-widget_type=\"image.default\">\n\t\t\t\t<div class=\"elementor-widget-container\">\n\t\t\t\t\t\t\t\t\t\t\t\t\t\t\t<img loading=\"lazy\" decoding=\"async\" width=\"596\" height=\"596\" src=\"https:\/\/productoschaparral.com\/wp-content\/uploads\/2019\/12\/Logos-TIF-Y-GLOBALTD-02-3.png\" class=\"elementor-animation-rotate attachment-large size-large wp-image-186\" alt=\"\" srcset=\"https:\/\/productoschaparral.com\/wp-content\/uploads\/2019\/12\/Logos-TIF-Y-GLOBALTD-02-3.png 596w, https:\/\/productoschaparral.com\/wp-content\/uploads\/2019\/12\/Logos-TIF-Y-GLOBALTD-02-3-300x300.png 300w, https:\/\/productoschaparral.com\/wp-content\/uploads\/2019\/12\/Logos-TIF-Y-GLOBALTD-02-3-100x100.png 100w, https:\/\/productoschaparral.com\/wp-content\/uploads\/2019\/12\/Logos-TIF-Y-GLOBALTD-02-3-150x150.png 150w\" sizes=\"(max-width: 596px) 100vw, 596px\" \/>\t\t\t\t\t\t\t\t\t\t\t\t\t\t\t<\/div>\n\t\t\t\t<\/div>\n\t\t\t\t\t<\/div>\n\t\t<\/div>\n\t\t\t\t\t<\/div>\n\t\t<\/section>\n\t\t\t\t\t<\/div>\n\t\t<\/div>\n\t\t\t\t<div class=\"elementor-column elementor-col-33 elementor-top-column elementor-element elementor-element-708de57\" data-id=\"708de57\" data-element_type=\"column\">\n\t\t\t<div class=\"elementor-widget-wrap\">\n\t\t\t\t\t\t\t<\/div>\n\t\t<\/div>\n\t\t\t\t\t<\/div>\n\t\t<\/section>\n\t\t\t\t<section class=\"elementor-section elementor-top-section elementor-element elementor-element-e63bb27 elementor-section-boxed elementor-section-height-default elementor-section-height-default\" data-id=\"e63bb27\" data-element_type=\"section\">\n\t\t\t\t\t\t<div class=\"elementor-container elementor-column-gap-default\">\n\t\t\t\t\t<div class=\"elementor-column elementor-col-100 elementor-top-column elementor-element elementor-element-b90c606\" data-id=\"b90c606\" data-element_type=\"column\">\n\t\t\t<div class=\"elementor-widget-wrap elementor-element-populated\">\n\t\t\t\t\t\t<section class=\"elementor-section elementor-inner-section elementor-element elementor-element-be5c93c elementor-section-boxed elementor-section-height-default elementor-section-height-default\" data-id=\"be5c93c\" data-element_type=\"section\">\n\t\t\t\t\t\t<div class=\"elementor-container elementor-column-gap-default\">\n\t\t\t\t\t<div class=\"elementor-column elementor-col-50 elementor-inner-column elementor-element elementor-element-7946cce\" data-id=\"7946cce\" data-element_type=\"column\">\n\t\t\t<div class=\"elementor-widget-wrap elementor-element-populated\">\n\t\t\t\t\t\t<div class=\"elementor-element elementor-element-815a129 elementor-widget elementor-widget-heading\" data-id=\"815a129\" data-element_type=\"widget\" data-widget_type=\"heading.default\">\n\t\t\t\t<div class=\"elementor-widget-container\">\n\t\t\t\t\t<h2 class=\"elementor-heading-title elementor-size-default\">Misi\u00f3n <\/h2>\t\t\t\t<\/div>\n\t\t\t\t<\/div>\n\t\t\t\t<div class=\"elementor-element elementor-element-6ad22f4 elementor-widget-divider--view-line elementor-widget elementor-widget-divider\" data-id=\"6ad22f4\" data-element_type=\"widget\" data-widget_type=\"divider.default\">\n\t\t\t\t<div class=\"elementor-widget-container\">\n\t\t\t\t\t\t\t<div class=\"elementor-divider\">\n\t\t\t<span class=\"elementor-divider-separator\">\n\t\t\t\t\t\t<\/span>\n\t\t<\/div>\n\t\t\t\t\t\t<\/div>\n\t\t\t\t<\/div>\n\t\t\t\t<div class=\"elementor-element elementor-element-8b1dd6e elementor-widget elementor-widget-text-editor\" data-id=\"8b1dd6e\" data-element_type=\"widget\" data-widget_type=\"text-editor.default\">\n\t\t\t\t<div class=\"elementor-widget-container\">\n\t\t\t\t\t\t\t\t\t<p>Industrializar la mayor cantidad de cerdos ofreciendo productos de excelente calidad; optimizado las operaciones con la especializaci\u00f3n profesional de nuestro personal, para el bien de la comunidad y de la empresa; dando la mayor satisfacci\u00f3n a clientes y consumidores con nuestros productos.<\/p>\t\t\t\t\t\t\t\t<\/div>\n\t\t\t\t<\/div>\n\t\t\t\t\t<\/div>\n\t\t<\/div>\n\t\t\t\t<div class=\"elementor-column elementor-col-50 elementor-inner-column elementor-element elementor-element-d56375d\" data-id=\"d56375d\" data-element_type=\"column\">\n\t\t\t<div class=\"elementor-widget-wrap elementor-element-populated\">\n\t\t\t\t\t\t<div class=\"elementor-element elementor-element-3d2a60c elementor-widget elementor-widget-heading\" data-id=\"3d2a60c\" data-element_type=\"widget\" data-widget_type=\"heading.default\">\n\t\t\t\t<div class=\"elementor-widget-container\">\n\t\t\t\t\t<h2 class=\"elementor-heading-title elementor-size-default\">Visi\u00f3n<\/h2>\t\t\t\t<\/div>\n\t\t\t\t<\/div>\n\t\t\t\t<div class=\"elementor-element elementor-element-a07ce61 elementor-widget-divider--view-line elementor-widget elementor-widget-divider\" data-id=\"a07ce61\" data-element_type=\"widget\" data-widget_type=\"divider.default\">\n\t\t\t\t<div class=\"elementor-widget-container\">\n\t\t\t\t\t\t\t<div class=\"elementor-divider\">\n\t\t\t<span class=\"elementor-divider-separator\">\n\t\t\t\t\t\t<\/span>\n\t\t<\/div>\n\t\t\t\t\t\t<\/div>\n\t\t\t\t<\/div>\n\t\t\t\t<div class=\"elementor-element elementor-element-ec6e1e0 elementor-widget elementor-widget-text-editor\" data-id=\"ec6e1e0\" data-element_type=\"widget\" data-widget_type=\"text-editor.default\">\n\t\t\t\t<div class=\"elementor-widget-container\">\n\t\t\t\t\t\t\t\t\t<p>Ser una empresa l\u00edder con calidad en productos inocuos de carne de cerdo y procesados, con la innovaci\u00f3n constante en tecnolog\u00eda y lograr en un futuro el liderazgo en partici\u00f3n del mercado nacional y con la exportaci\u00f3n a mercados internacionales.<\/p>\t\t\t\t\t\t\t\t<\/div>\n\t\t\t\t<\/div>\n\t\t\t\t\t<\/div>\n\t\t<\/div>\n\t\t\t\t\t<\/div>\n\t\t<\/section>\n\t\t\t\t\t<\/div>\n\t\t<\/div>\n\t\t\t\t\t<\/div>\n\t\t<\/section>\n\t\t\t\t<section data-dce-background-color=\"#682307\" class=\"elementor-section elementor-top-section elementor-element elementor-element-92ee8bf elementor-section-stretched elementor-section-height-min-height elementor-section-boxed elementor-section-height-default elementor-section-items-middle\" data-id=\"92ee8bf\" data-element_type=\"section\" data-settings=\"{&quot;background_background&quot;:&quot;classic&quot;,&quot;stretch_section&quot;:&quot;section-stretched&quot;,&quot;shape_divider_top&quot;:&quot;mountains&quot;}\">\n\t\t\t\t\t<div class=\"elementor-shape elementor-shape-top\" aria-hidden=\"true\" data-negative=\"false\">\n\t\t\t<svg xmlns=\"http:\/\/www.w3.org\/2000\/svg\" viewBox=\"0 0 1000 100\" preserveAspectRatio=\"none\">\n\t<path class=\"elementor-shape-fill\" opacity=\"0.33\" d=\"M473,67.3c-203.9,88.3-263.1-34-320.3,0C66,119.1,0,59.7,0,59.7V0h1000v59.7 c0,0-62.1,26.1-94.9,29.3c-32.8,3.3-62.8-12.3-75.8-22.1C806,49.6,745.3,8.7,694.9,4.7S492.4,59,473,67.3z\"\/>\n\t<path class=\"elementor-shape-fill\" opacity=\"0.66\" d=\"M734,67.3c-45.5,0-77.2-23.2-129.1-39.1c-28.6-8.7-150.3-10.1-254,39.1 s-91.7-34.4-149.2,0C115.7,118.3,0,39.8,0,39.8V0h1000v36.5c0,0-28.2-18.5-92.1-18.5C810.2,18.1,775.7,67.3,734,67.3z\"\/>\n\t<path class=\"elementor-shape-fill\" d=\"M766.1,28.9c-200-57.5-266,65.5-395.1,19.5C242,1.8,242,5.4,184.8,20.6C128,35.8,132.3,44.9,89.9,52.5C28.6,63.7,0,0,0,0 h1000c0,0-9.9,40.9-83.6,48.1S829.6,47,766.1,28.9z\"\/>\n<\/svg>\t\t<\/div>\n\t\t\t\t\t<div class=\"elementor-container elementor-column-gap-default\">\n\t\t\t\t\t<div class=\"elementor-column elementor-col-100 elementor-top-column elementor-element elementor-element-bb46c6a\" data-id=\"bb46c6a\" data-element_type=\"column\">\n\t\t\t<div class=\"elementor-widget-wrap elementor-element-populated\">\n\t\t\t\t\t\t<div class=\"elementor-element elementor-element-9732f03 ekit-image-accordion-horizontal ekit-image-accordion-click elementor-widget elementor-widget-elementskit-image-accordion\" data-id=\"9732f03\" data-element_type=\"widget\" data-widget_type=\"elementskit-image-accordion.default\">\n\t\t\t\t<div class=\"elementor-widget-container\">\n\t\t\t\t\t<div class=\"ekit-wid-con\" >\t\t<div class=\"ekit-image-accordion elementskit-image-accordion-wraper\">\n\t\t\t                <input type=\"radio\" name=\"ekit_ia_9732f03\" id=\"ekit_ia_9732f03_0\" class=\"elementskit-single-image-accordion--input\" hidden>\n                <label for=\"ekit_ia_9732f03_0\" class=\"elementskit-single-image-accordion ekit-image-accordion-item\" style=\"background-image: url(https:\/\/productoschaparral.com\/wp-content\/uploads\/2019\/12\/Platilllos-55-scaled.jpg)\">\n                    <span class=\"elementskit-accordion-content\">\n\t\t\t\t\t\t\t\t\t\t\t\t\t<span class=\"elementskit-accordion-title-wraper\">\n\t\t\t\t\t\t\t\t<span class=\"elementskit-accordion-title \">\n\t\t\t\t\t\t\t\t\n\t\t\t\t\t\t\t\t\n\t\t\t\t\t\t\t\t\t\t\t\t\t\t\t\t<\/span>\n\t\t\t\t\t\t\t<\/span>\n\t\t\t\t\t\t\t                    <\/span>\n                <\/label>\n                            <input type=\"radio\" name=\"ekit_ia_9732f03\" id=\"ekit_ia_9732f03_1\" class=\"elementskit-single-image-accordion--input\" hidden>\n                <label for=\"ekit_ia_9732f03_1\" class=\"elementskit-single-image-accordion ekit-image-accordion-item\" style=\"background-image: url(https:\/\/productoschaparral.com\/wp-content\/uploads\/2019\/12\/Platilllos-52-scaled.jpg)\">\n                    <span class=\"elementskit-accordion-content\">\n\t\t\t\t\t\t\t\t\t\t\t\t\t<span class=\"elementskit-accordion-title-wraper\">\n\t\t\t\t\t\t\t\t<span class=\"elementskit-accordion-title \">\n\t\t\t\t\t\t\t\t\n\t\t\t\t\t\t\t\t\n\t\t\t\t\t\t\t\t\t\t\t\t\t\t\t\t<\/span>\n\t\t\t\t\t\t\t<\/span>\n\t\t\t\t\t\t\t                    <\/span>\n                <\/label>\n                            <input type=\"radio\" name=\"ekit_ia_9732f03\" id=\"ekit_ia_9732f03_2\" class=\"elementskit-single-image-accordion--input\" hidden>\n                <label for=\"ekit_ia_9732f03_2\" class=\"elementskit-single-image-accordion ekit-image-accordion-item\" style=\"background-image: url(https:\/\/productoschaparral.com\/wp-content\/uploads\/2019\/12\/Platilllos-48-scaled.jpg)\">\n                    <span class=\"elementskit-accordion-content\">\n\t\t\t\t\t\t\t\t\t\t\t\t\t<span class=\"elementskit-accordion-title-wraper\">\n\t\t\t\t\t\t\t\t<span class=\"elementskit-accordion-title \">\n\t\t\t\t\t\t\t\t\n\t\t\t\t\t\t\t\t\n\t\t\t\t\t\t\t\t\t\t\t\t\t\t\t\t<\/span>\n\t\t\t\t\t\t\t<\/span>\n\t\t\t\t\t\t\t                    <\/span>\n                <\/label>\n                            <input type=\"radio\" name=\"ekit_ia_9732f03\" id=\"ekit_ia_9732f03_3\" class=\"elementskit-single-image-accordion--input\" hidden>\n                <label for=\"ekit_ia_9732f03_3\" class=\"elementskit-single-image-accordion ekit-image-accordion-item\" style=\"background-image: url(https:\/\/productoschaparral.com\/wp-content\/uploads\/2019\/12\/Platilllos-38-scaled.jpg)\">\n                    <span class=\"elementskit-accordion-content\">\n\t\t\t\t\t\t\t\t\t\t\t\t\t<span class=\"elementskit-accordion-title-wraper\">\n\t\t\t\t\t\t\t\t<span class=\"elementskit-accordion-title \">\n\t\t\t\t\t\t\t\t\n\t\t\t\t\t\t\t\t\n\t\t\t\t\t\t\t\t\t\t\t\t\t\t\t\t<\/span>\n\t\t\t\t\t\t\t<\/span>\n\t\t\t\t\t\t\t                    <\/span>\n                <\/label>\n                    <\/div>\n    <\/div>\t\t\t\t<\/div>\n\t\t\t\t<\/div>\n\t\t\t\t\t<\/div>\n\t\t<\/div>\n\t\t\t\t\t<\/div>\n\t\t<\/section>\n\t\t\t\t<\/div>\n\t\t","protected":false},"excerpt":{"rendered":"<p>Quienes Somos Somos una empresa mexicana productora y procesadora de carne de cerdo en donde elaboramos productos de alta calidad con precio competitivo, manteniendo estrictos controles y procesos certificados mundialmente reconocidos: HACCP | FSSC 22000 | TIF Misi\u00f3n Industrializar la mayor cantidad de cerdos ofreciendo productos de excelente calidad; optimizado las operaciones con la especializaci\u00f3n [&hellip;]<\/p>\n","protected":false},"author":1,"featured_media":0,"parent":0,"menu_order":0,"comment_status":"closed","ping_status":"closed","template":"","meta":{"footnotes":""},"class_list":["post-147","page","type-page","status-publish","hentry"],"_links":{"self":[{"href":"https:\/\/productoschaparral.com\/index.php\/wp-json\/wp\/v2\/pages\/147","targetHints":{"allow":["GET"]}}],"collection":[{"href":"https:\/\/productoschaparral.com\/index.php\/wp-json\/wp\/v2\/pages"}],"about":[{"href":"https:\/\/productoschaparral.com\/index.php\/wp-json\/wp\/v2\/types\/page"}],"author":[{"embeddable":true,"href":"https:\/\/productoschaparral.com\/index.php\/wp-json\/wp\/v2\/users\/1"}],"replies":[{"embeddable":true,"href":"https:\/\/productoschaparral.com\/index.php\/wp-json\/wp\/v2\/comments?post=147"}],"version-history":[{"count":44,"href":"https:\/\/productoschaparral.com\/index.php\/wp-json\/wp\/v2\/pages\/147\/revisions"}],"predecessor-version":[{"id":1756,"href":"https:\/\/productoschaparral.com\/index.php\/wp-json\/wp\/v2\/pages\/147\/revisions\/1756"}],"wp:attachment":[{"href":"https:\/\/productoschaparral.com\/index.php\/wp-json\/wp\/v2\/media?parent=147"}],"curies":[{"name":"wp","href":"https:\/\/api.w.org\/{rel}","templated":true}]}}